{"id":497,"date":"2018-05-27T20:15:31","date_gmt":"2018-05-27T18:15:31","guid":{"rendered":"http:\/\/www.tanzkommando.de\/wordpress\/?page_id=497"},"modified":"2020-02-07T14:54:51","modified_gmt":"2020-02-07T13:54:51","slug":"impressum","status":"publish","type":"page","link":"http:\/\/www.tanzkommando.de\/wordpress\/impressum\/","title":{"rendered":"Impressum"},"content":{"rendered":"<p>im Auftrag des Tanzkommandos:<\/p>\n<p>Verena Coenes<br \/>\nKrautwigstr. 6<br \/>\n50931 K\u00f6ln<\/p>\n<p><a title=\"Haftungsausschluss\" href=\"http:\/\/www.disclaimer.de\/disclaimer.htm?farbe=FFFFFF\/000000\/000000\/000000\" target=\"_blank\" rel=\"noopener noreferrer\">Haftungsausschluss<\/a><\/p>\n<p>Der Nutzung von im Rahmen der Impressumspflicht ver\u00f6ffentlichten Kontaktdaten durch Dritte zur \u00dcbersendung von nicht ausdr\u00fccklich angeforderter Werbung und Informationsmaterialien wird hiermit ausdr\u00fccklich widersprochen. Die Betreiber der Seiten behalten sich ausdr\u00fccklich rechtliche Schritte im Falle der unverlangten Zusendung von Werbeinformationen, etwa durch Spam-Mails, vor.<\/p>\n<p><strong>Bilder, Texte, Filme und Musik auf dieser Seite:<\/strong><br \/>\nAlle Urheber und Leistungsschutzrechte vorbehalten. Verkauf, Vermietung, \u00f6ffentliche Vorf\u00fchrung, Sendung und Vervielf\u00e4ltigung, sowie jede gewerbliche Nutzug bed\u00fcrfen der ausdr\u00fccklichen und schriftlichen Genehmigung. Zuwiderhandlung wird straf- und\/oder zivilrechtlich verfolgt.<\/p>\n<p><\/p>","protected":false},"excerpt":{"rendered":"<p>im Auftrag des Tanzkommandos: Verena Coenes Krautwigstr. 6 50931 K\u00f6ln Haftungsausschluss Der Nutzung von im Rahmen der Impressumspflicht ver\u00f6ffentlichten Kontaktdaten durch Dritte zur \u00dcbersendung von nicht ausdr\u00fccklich angeforderter Werbung und Informationsmaterialien wird hiermit ausdr\u00fccklich widersprochen. Die Betreiber der Seiten behalten sich ausdr\u00fccklich rechtliche Schritte im Falle der unverlangten Zusendung von<a href=\"http:\/\/www.tanzkommando.de\/wordpress\/impressum\/\" class=\"more-link\"><span class=\"readmore\">Continue reading<span class=\"screen-reader-text\">Impressum<\/span><\/span><\/a><\/p>\n","protected":false},"author":1,"featured_media":0,"parent":0,"menu_order":0,"comment_status":"closed","ping_status":"closed","template":"templates\/no-sidebar.php","meta":{"ngg_post_thumbnail":0,"footnotes":""},"class_list":["post-497","page","type-page","status-publish","hentry"],"_links":{"self":[{"href":"http:\/\/www.tanzkommando.de\/wordpress\/wp-json\/wp\/v2\/pages\/497","targetHints":{"allow":["GET"]}}],"collection":[{"href":"http:\/\/www.tanzkommando.de\/wordpress\/wp-json\/wp\/v2\/pages"}],"about":[{"href":"http:\/\/www.tanzkommando.de\/wordpress\/wp-json\/wp\/v2\/types\/page"}],"author":[{"embeddable":true,"href":"http:\/\/www.tanzkommando.de\/wordpress\/wp-json\/wp\/v2\/users\/1"}],"replies":[{"embeddable":true,"href":"http:\/\/www.tanzkommando.de\/wordpress\/wp-json\/wp\/v2\/comments?post=497"}],"version-history":[{"count":2,"href":"http:\/\/www.tanzkommando.de\/wordpress\/wp-json\/wp\/v2\/pages\/497\/revisions"}],"predecessor-version":[{"id":569,"href":"http:\/\/www.tanzkommando.de\/wordpress\/wp-json\/wp\/v2\/pages\/497\/revisions\/569"}],"wp:attachment":[{"href":"http:\/\/www.tanzkommando.de\/wordpress\/wp-json\/wp\/v2\/media?parent=497"}],"curies":[{"name":"wp","href":"https:\/\/api.w.org\/{rel}","templated":true}]}}